{"id":16716,"date":"2023-04-25T14:06:25","date_gmt":"2023-04-25T14:06:25","guid":{"rendered":"https:\/\/ekonaut.org\/?page_id=16716"},"modified":"2024-11-04T12:21:09","modified_gmt":"2024-11-04T12:21:09","slug":"prijava-za-biljarnicu-online-2023","status":"publish","type":"page","link":"https:\/\/ekonaut.org\/en\/prijava-za-biljarnicu-online-2023\/","title":{"rendered":"Prijava za Biljarnicu online 2023."},"content":{"rendered":"<div data-elementor-type=\"wp-page\" data-elementor-id=\"16716\" class=\"elementor elementor-16716\" data-elementor-post-type=\"page\">\n\t\t\t\t\t\t<section class=\"elementor-section elementor-top-section elementor-element elementor-element-c81ecf8 elementor-section-boxed elementor-section-height-default elementor-section-height-default\" data-id=\"c81ecf8\" data-element_type=\"section\">\n\t\t\t\t\t\t<div class=\"elementor-container elementor-column-gap-default\">\n\t\t\t\t\t<div class=\"elementor-column elementor-col-100 elementor-top-column elementor-element elementor-element-ec56c30\" data-id=\"ec56c30\" data-element_type=\"column\">\n\t\t\t<div class=\"elementor-widget-wrap elementor-element-populated\">\n\t\t\t\t\t\t<div class=\"elementor-element elementor-element-76cadc2 elementor-widget-divider--view-line elementor-widget elementor-widget-divider\" data-id=\"76cadc2\" data-element_type=\"widget\" data-widget_type=\"divider.default\">\n\t\t\t\t<div class=\"elementor-widget-container\">\n\t\t\t\t\t\t\t<div class=\"elementor-divider\">\n\t\t\t<span class=\"elementor-divider-separator\">\n\t\t\t\t\t\t<\/span>\n\t\t<\/div>\n\t\t\t\t\t\t<\/div>\n\t\t\t\t<\/div>\n\t\t\t\t<div class=\"elementor-element elementor-element-7703c1d elementor-widget elementor-widget-heading\" data-id=\"7703c1d\" data-element_type=\"widget\" data-widget_type=\"heading.default\">\n\t\t\t\t<div class=\"elementor-widget-container\">\n\t\t\t\t\t<h2 class=\"elementor-heading-title elementor-size-default\">PRIJAVE ZA ONLINE BILJARNICU 2023 SU ZATVORENE <\/h2>\t\t\t\t<\/div>\n\t\t\t\t<\/div>\n\t\t\t\t<div class=\"elementor-element elementor-element-83a8638 elementor-widget-divider--view-line elementor-widget elementor-widget-divider\" data-id=\"83a8638\" data-element_type=\"widget\" data-widget_type=\"divider.default\">\n\t\t\t\t<div class=\"elementor-widget-container\">\n\t\t\t\t\t\t\t<div class=\"elementor-divider\">\n\t\t\t<span class=\"elementor-divider-separator\">\n\t\t\t\t\t\t<\/span>\n\t\t<\/div>\n\t\t\t\t\t\t<\/div>\n\t\t\t\t<\/div>\n\t\t\t\t\t<\/div>\n\t\t<\/div>\n\t\t\t\t\t<\/div>\n\t\t<\/section>\n\t\t\t\t<section class=\"elementor-section elementor-top-section elementor-element elementor-element-02be94c elementor-section-boxed elementor-section-height-default elementor-section-height-default\" data-id=\"02be94c\" data-element_type=\"section\">\n\t\t\t\t\t\t<div class=\"elementor-container elementor-column-gap-default\">\n\t\t\t\t\t<div class=\"elementor-column elementor-col-100 elementor-top-column elementor-element elementor-element-467d6d7\" data-id=\"467d6d7\" data-element_type=\"column\">\n\t\t\t<div class=\"elementor-widget-wrap elementor-element-populated\">\n\t\t\t\t\t\t<div class=\"elementor-element elementor-element-bb57c13 elementor-widget elementor-widget-image\" data-id=\"bb57c13\" data-element_type=\"widget\" data-widget_type=\"image.default\">\n\t\t\t\t<div class=\"elementor-widget-container\">\n\t\t\t\t\t\t\t\t\t\t\t\t\t\t\t<img fetchpriority=\"high\" decoding=\"async\" width=\"1600\" height=\"1067\" src=\"https:\/\/ekonaut.org\/wp-content\/uploads\/2023\/10\/viber_slika_2023-10-25_12-59-06-007.jpg\" class=\"attachment-full size-full wp-image-16890\" alt=\"\" srcset=\"https:\/\/ekonaut.org\/wp-content\/uploads\/2023\/10\/viber_slika_2023-10-25_12-59-06-007.jpg 1600w, https:\/\/ekonaut.org\/wp-content\/uploads\/2023\/10\/viber_slika_2023-10-25_12-59-06-007-300x200.jpg 300w, https:\/\/ekonaut.org\/wp-content\/uploads\/2023\/10\/viber_slika_2023-10-25_12-59-06-007-1024x683.jpg 1024w, https:\/\/ekonaut.org\/wp-content\/uploads\/2023\/10\/viber_slika_2023-10-25_12-59-06-007-768x512.jpg 768w, https:\/\/ekonaut.org\/wp-content\/uploads\/2023\/10\/viber_slika_2023-10-25_12-59-06-007-1536x1024.jpg 1536w, https:\/\/ekonaut.org\/wp-content\/uploads\/2023\/10\/viber_slika_2023-10-25_12-59-06-007-18x12.jpg 18w, https:\/\/ekonaut.org\/wp-content\/uploads\/2023\/10\/viber_slika_2023-10-25_12-59-06-007-750x500.jpg 750w, https:\/\/ekonaut.org\/wp-content\/uploads\/2023\/10\/viber_slika_2023-10-25_12-59-06-007-1140x760.jpg 1140w\" sizes=\"(max-width: 1600px) 100vw, 1600px\" \/>\t\t\t\t\t\t\t\t\t\t\t\t\t\t\t<\/div>\n\t\t\t\t<\/div>\n\t\t\t\t\t<\/div>\n\t\t<\/div>\n\t\t\t\t\t<\/div>\n\t\t<\/section>\n\t\t\t\t<section class=\"elementor-section elementor-top-section elementor-element elementor-element-b0b7b57 elementor-section-boxed elementor-section-height-default elementor-section-height-default\" data-id=\"b0b7b57\" data-element_type=\"section\">\n\t\t\t\t\t\t<div class=\"elementor-container elementor-column-gap-default\">\n\t\t\t\t\t<div class=\"elementor-column elementor-col-100 elementor-top-column elementor-element elementor-element-3ddc867\" data-id=\"3ddc867\" data-element_type=\"column\">\n\t\t\t<div class=\"elementor-widget-wrap elementor-element-populated\">\n\t\t\t\t\t\t<div class=\"elementor-element elementor-element-359e11d elementor-widget elementor-widget-text-editor\" data-id=\"359e11d\" data-element_type=\"widget\" data-widget_type=\"text-editor.default\">\n\t\t\t\t<div class=\"elementor-widget-container\">\n\t\t\t\t\t\t\t\t\t<p>Ukoliko \u017eelite da upoznate tajne lekovitog bilja, saznate kako i kada se biljke beru i su\u0161e, kako se upotrebljavaju i kombinuju, kako da ih prepoznate u prirodi i od njih napravite preparate, \u201cBiljarnica online\u201d je ba\u0161 za vas!<\/p><p>Ukoliko \u017eelite da prijavite svoje u\u010de\u0161\u0107e na ovom programu ili samo dobijete detaljnije uslove poha\u0111anja \u201eBiljarnice online\u201c potrebno je da popunite ovaj kratki formular u nastavku.\u00a0<\/p><p dir=\"ltr\">Svi prijavljeni u\u010desnici dobijaju mejl sa potrebnim informacijama, na dobijeni mejl je potrebno odgovoriti potvrdno ukoliko vam uslovi poha\u0111anja programa \u201cBiljarnica\u201d odgovaraju.<\/p><p dir=\"ltr\">Predava\u010d i autor koncepta \u201cBiljarnice\u201d i \u201cBiljarnice online\u201d, Mom\u010dilo Antonijevi\u0107 je na\u0161 najpoznatiji travar mla\u0111e generacije, pored toga je novinar i autor popularnih knjiga: \u201cDivlji kuvar\u201d i \u201cKako sam postao putnik i prestao da budem turista\u201d. Osniva\u010d je poznatog bloga i Youtube kanala <strong><a href=\"https:\/\/www.youtube.com\/@Snagabilja\">\"Snaga bilja\" - (\"The power of plants\")<\/a><\/strong> koji je pokrenuo kako bi sa drugima podelio znanje i ljubav prema praksi narodnih travara. Upravo tako je njegova misija postala da ve\u0107 skoro 30 godina edukuje o snazi bilja i ljude pribli\u017eava prirodi. Kao i do sada Mom\u010dilo \u0107e sa polaznicima podeliti svoje znanje o tehnikama branja i su\u0161enja biljaka, mehanizme kojima one deluju na na\u0161e zdravlje, kao i u kom trenutku i na koji na\u010din ih je najbolje koristiti \u2013 od \u010dajeva i biljnih me\u0161avina, preko tinktura, aromaterapije, pa sve do upotrebe lekovitog bilja u kuhinji.\u00a0 \u00a0<\/p>\t\t\t\t\t\t\t\t<\/div>\n\t\t\t\t<\/div>\n\t\t\t\t<div class=\"elementor-element elementor-element-dcd9361 elementor-widget elementor-widget-heading\" data-id=\"dcd9361\" data-element_type=\"widget\" data-widget_type=\"heading.default\">\n\t\t\t\t<div class=\"elementor-widget-container\">\n\t\t\t\t\t<h2 class=\"elementor-heading-title elementor-size-default\">PRIJAVE SU ZATVORENE<\/h2>\t\t\t\t<\/div>\n\t\t\t\t<\/div>\n\t\t\t\t\t<\/div>\n\t\t<\/div>\n\t\t\t\t\t<\/div>\n\t\t<\/section>\n\t\t\t\t<section class=\"elementor-section elementor-top-section elementor-element elementor-element-414d20d elementor-section-boxed elementor-section-height-default elementor-section-height-default\" data-id=\"414d20d\" data-element_type=\"section\">\n\t\t\t\t\t\t<div class=\"elementor-container elementor-column-gap-default\">\n\t\t\t\t\t<div class=\"elementor-column elementor-col-100 elementor-top-column elementor-element elementor-element-bdfba0d\" data-id=\"bdfba0d\" data-element_type=\"column\">\n\t\t\t<div class=\"elementor-widget-wrap\">\n\t\t\t\t\t\t\t<\/div>\n\t\t<\/div>\n\t\t\t\t\t<\/div>\n\t\t<\/section>\n\t\t\t\t<\/div>","protected":false},"excerpt":{"rendered":"<p>PRIJAVE ZA ONLINE BILJARNICU 2023 SU ZATVORENE Ukoliko \u017eelite da upoznate tajne lekovitog bilja, saznate kako i kada se biljke beru i su\u0161e, kako se upotrebljavaju i kombinuju, kako da ih prepoznate u prirodi i od njih napravite preparate, \u201cBiljarnica online\u201d je ba\u0161 za vas! Ukoliko \u017eelite da prijavite svoje u\u010de\u0161\u0107e na ovom programu ili [&hellip;]<\/p>","protected":false},"author":1,"featured_media":16718,"parent":0,"menu_order":0,"comment_status":"closed","ping_status":"closed","template":"elementor_header_footer","meta":{"jnews_page_loop":{"enable_page_loop":"0","first_title":"Latest Post","second_title":"","header_type":"heading_6","header_background":"","header_text_color":"","layout":"right-sidebar","sidebar":"default-sidebar","second_sidebar":"default-sidebar","sticky_sidebar":"1","module":"3","boxed":"0","boxed_shadow":"0","box_shadow":"0","excerpt_length":"20","content_date":"default","date_custom":"Y\/m\/d","content_pagination":"nav_1","pagination_align":"center","show_navtext":"0","show_pageinfo":"0","post_offset":"0","posts_per_page":"5","include_post":"","exclude_post":"","include_category":"","exclude_category":"","include_author":"","include_tag":"","exclude_tag":"","sort_by":"latest"},"jnews_single_page":{"layout":"no-sidebar","sidebar":"default-sidebar","second_sidebar":"default-sidebar","sticky_sidebar":"1","show_post_featured":"0","show_post_meta":"0","share_position":"hide","share_color":"share-monocrhome"},"jnews_social_meta":{"fb_title":"","fb_description":"","fb_image":"","twitter_title":"","twitter_description":"","twitter_image":""},"footnotes":""},"class_list":["post-16716","page","type-page","status-publish","has-post-thumbnail","hentry"],"yoast_head":"<!-- This site is optimized with the Yoast SEO plugin v27.5 - https:\/\/yoast.com\/product\/yoast-seo-wordpress\/ -->\n<title>Prijava za Biljarnicu online 2023. - Priroda u gradu<\/title>\n<meta name=\"robots\" content=\"index, follow, max-snippet:-1, max-image-preview:large, max-video-preview:-1\" \/>\n<link rel=\"canonical\" href=\"https:\/\/ekonaut.org\/en\/prijava-za-biljarnicu-online-2023\/\" \/>\n<meta property=\"og:locale\" content=\"en_GB\" \/>\n<meta property=\"og:type\" content=\"article\" \/>\n<meta property=\"og:title\" content=\"Prijava za Biljarnicu online 2023. - Priroda u gradu\" \/>\n<meta property=\"og:description\" content=\"PRIJAVE ZA ONLINE BILJARNICU 2023 SU ZATVORENE Ukoliko \u017eelite da upoznate tajne lekovitog bilja, saznate kako i kada se biljke beru i su\u0161e, kako se upotrebljavaju i kombinuju, kako da ih prepoznate u prirodi i od njih napravite preparate, \u201cBiljarnica online\u201d je ba\u0161 za vas! Ukoliko \u017eelite da prijavite svoje u\u010de\u0161\u0107e na ovom programu ili [&hellip;]\" \/>\n<meta property=\"og:url\" content=\"https:\/\/ekonaut.org\/en\/prijava-za-biljarnicu-online-2023\/\" \/>\n<meta property=\"og:site_name\" content=\"Priroda u gradu\" \/>\n<meta property=\"article:publisher\" content=\"https:\/\/www.facebook.com\/ekonaut.serbia\/\" \/>\n<meta property=\"article:modified_time\" content=\"2024-11-04T12:21:09+00:00\" \/>\n<meta property=\"og:image\" content=\"https:\/\/ekonaut.org\/wp-content\/uploads\/2023\/04\/Biljarnica2023-prijava-e1682431811632.jpg\" \/>\n\t<meta property=\"og:image:width\" content=\"1000\" \/>\n\t<meta property=\"og:image:height\" content=\"563\" \/>\n\t<meta property=\"og:image:type\" content=\"image\/jpeg\" \/>\n<meta name=\"twitter:card\" content=\"summary_large_image\" \/>\n<meta name=\"twitter:label1\" content=\"Estimated reading time\" \/>\n\t<meta name=\"twitter:data1\" content=\"2 minutes\" \/>\n<script type=\"application\/ld+json\" class=\"yoast-schema-graph\">{\"@context\":\"https:\\\/\\\/schema.org\",\"@graph\":[{\"@type\":\"WebPage\",\"@id\":\"https:\\\/\\\/ekonaut.org\\\/prijava-za-biljarnicu-online-2023\\\/\",\"url\":\"https:\\\/\\\/ekonaut.org\\\/prijava-za-biljarnicu-online-2023\\\/\",\"name\":\"Prijava za Biljarnicu online 2023. - Priroda u gradu\",\"isPartOf\":{\"@id\":\"https:\\\/\\\/ekonaut.org\\\/#website\"},\"primaryImageOfPage\":{\"@id\":\"https:\\\/\\\/ekonaut.org\\\/prijava-za-biljarnicu-online-2023\\\/#primaryimage\"},\"image\":{\"@id\":\"https:\\\/\\\/ekonaut.org\\\/prijava-za-biljarnicu-online-2023\\\/#primaryimage\"},\"thumbnailUrl\":\"https:\\\/\\\/ekonaut.org\\\/wp-content\\\/uploads\\\/2023\\\/04\\\/Biljarnica2023-prijava-e1682431811632.jpg\",\"datePublished\":\"2023-04-25T14:06:25+00:00\",\"dateModified\":\"2024-11-04T12:21:09+00:00\",\"breadcrumb\":{\"@id\":\"https:\\\/\\\/ekonaut.org\\\/prijava-za-biljarnicu-online-2023\\\/#breadcrumb\"},\"inLanguage\":\"en-GB\",\"potentialAction\":[{\"@type\":\"ReadAction\",\"target\":[\"https:\\\/\\\/ekonaut.org\\\/prijava-za-biljarnicu-online-2023\\\/\"]}]},{\"@type\":\"ImageObject\",\"inLanguage\":\"en-GB\",\"@id\":\"https:\\\/\\\/ekonaut.org\\\/prijava-za-biljarnicu-online-2023\\\/#primaryimage\",\"url\":\"https:\\\/\\\/ekonaut.org\\\/wp-content\\\/uploads\\\/2023\\\/04\\\/Biljarnica2023-prijava-e1682431811632.jpg\",\"contentUrl\":\"https:\\\/\\\/ekonaut.org\\\/wp-content\\\/uploads\\\/2023\\\/04\\\/Biljarnica2023-prijava-e1682431811632.jpg\",\"width\":1000,\"height\":563},{\"@type\":\"BreadcrumbList\",\"@id\":\"https:\\\/\\\/ekonaut.org\\\/prijava-za-biljarnicu-online-2023\\\/#breadcrumb\",\"itemListElement\":[{\"@type\":\"ListItem\",\"position\":1,\"name\":\"Home\",\"item\":\"https:\\\/\\\/ekonaut.org\\\/\"},{\"@type\":\"ListItem\",\"position\":2,\"name\":\"Prijava za Biljarnicu online 2023.\"}]},{\"@type\":\"WebSite\",\"@id\":\"https:\\\/\\\/ekonaut.org\\\/#website\",\"url\":\"https:\\\/\\\/ekonaut.org\\\/\",\"name\":\"Priroda u gradu\",\"description\":\"Sa\u010duvajmo prirodu u gradu\",\"publisher\":{\"@id\":\"https:\\\/\\\/ekonaut.org\\\/#organization\"},\"potentialAction\":[{\"@type\":\"SearchAction\",\"target\":{\"@type\":\"EntryPoint\",\"urlTemplate\":\"https:\\\/\\\/ekonaut.org\\\/?s={search_term_string}\"},\"query-input\":{\"@type\":\"PropertyValueSpecification\",\"valueRequired\":true,\"valueName\":\"search_term_string\"}}],\"inLanguage\":\"en-GB\"},{\"@type\":\"Organization\",\"@id\":\"https:\\\/\\\/ekonaut.org\\\/#organization\",\"name\":\"Priroda u gradu\",\"url\":\"https:\\\/\\\/ekonaut.org\\\/\",\"logo\":{\"@type\":\"ImageObject\",\"inLanguage\":\"en-GB\",\"@id\":\"https:\\\/\\\/ekonaut.org\\\/#\\\/schema\\\/logo\\\/image\\\/\",\"url\":\"https:\\\/\\\/ekonaut.org\\\/wp-content\\\/uploads\\\/2022\\\/03\\\/Ekonaut-logo.webp\",\"contentUrl\":\"https:\\\/\\\/ekonaut.org\\\/wp-content\\\/uploads\\\/2022\\\/03\\\/Ekonaut-logo.webp\",\"width\":230,\"height\":53,\"caption\":\"Priroda u gradu\"},\"image\":{\"@id\":\"https:\\\/\\\/ekonaut.org\\\/#\\\/schema\\\/logo\\\/image\\\/\"},\"sameAs\":[\"https:\\\/\\\/www.facebook.com\\\/ekonaut.serbia\\\/\",\"https:\\\/\\\/www.instagram.com\\\/ekonaut.srb\\\/?hl=en\",\"https:\\\/\\\/www.pinterest.com\\\/ekonautzdravac\\\/\"]}]}<\/script>\n<!-- \/ Yoast SEO plugin. -->","yoast_head_json":{"title":"Prijava za Biljarnicu online 2023. - Priroda u gradu","robots":{"index":"index","follow":"follow","max-snippet":"max-snippet:-1","max-image-preview":"max-image-preview:large","max-video-preview":"max-video-preview:-1"},"canonical":"https:\/\/ekonaut.org\/en\/prijava-za-biljarnicu-online-2023\/","og_locale":"en_GB","og_type":"article","og_title":"Prijava za Biljarnicu online 2023. - Priroda u gradu","og_description":"PRIJAVE ZA ONLINE BILJARNICU 2023 SU ZATVORENE Ukoliko \u017eelite da upoznate tajne lekovitog bilja, saznate kako i kada se biljke beru i su\u0161e, kako se upotrebljavaju i kombinuju, kako da ih prepoznate u prirodi i od njih napravite preparate, \u201cBiljarnica online\u201d je ba\u0161 za vas! Ukoliko \u017eelite da prijavite svoje u\u010de\u0161\u0107e na ovom programu ili [&hellip;]","og_url":"https:\/\/ekonaut.org\/en\/prijava-za-biljarnicu-online-2023\/","og_site_name":"Priroda u gradu","article_publisher":"https:\/\/www.facebook.com\/ekonaut.serbia\/","article_modified_time":"2024-11-04T12:21:09+00:00","og_image":[{"width":1000,"height":563,"url":"https:\/\/ekonaut.org\/wp-content\/uploads\/2023\/04\/Biljarnica2023-prijava-e1682431811632.jpg","type":"image\/jpeg"}],"twitter_card":"summary_large_image","twitter_misc":{"Estimated reading time":"2 minutes"},"schema":{"@context":"https:\/\/schema.org","@graph":[{"@type":"WebPage","@id":"https:\/\/ekonaut.org\/prijava-za-biljarnicu-online-2023\/","url":"https:\/\/ekonaut.org\/prijava-za-biljarnicu-online-2023\/","name":"Prijava za Biljarnicu online 2023. - Priroda u gradu","isPartOf":{"@id":"https:\/\/ekonaut.org\/#website"},"primaryImageOfPage":{"@id":"https:\/\/ekonaut.org\/prijava-za-biljarnicu-online-2023\/#primaryimage"},"image":{"@id":"https:\/\/ekonaut.org\/prijava-za-biljarnicu-online-2023\/#primaryimage"},"thumbnailUrl":"https:\/\/ekonaut.org\/wp-content\/uploads\/2023\/04\/Biljarnica2023-prijava-e1682431811632.jpg","datePublished":"2023-04-25T14:06:25+00:00","dateModified":"2024-11-04T12:21:09+00:00","breadcrumb":{"@id":"https:\/\/ekonaut.org\/prijava-za-biljarnicu-online-2023\/#breadcrumb"},"inLanguage":"en-GB","potentialAction":[{"@type":"ReadAction","target":["https:\/\/ekonaut.org\/prijava-za-biljarnicu-online-2023\/"]}]},{"@type":"ImageObject","inLanguage":"en-GB","@id":"https:\/\/ekonaut.org\/prijava-za-biljarnicu-online-2023\/#primaryimage","url":"https:\/\/ekonaut.org\/wp-content\/uploads\/2023\/04\/Biljarnica2023-prijava-e1682431811632.jpg","contentUrl":"https:\/\/ekonaut.org\/wp-content\/uploads\/2023\/04\/Biljarnica2023-prijava-e1682431811632.jpg","width":1000,"height":563},{"@type":"BreadcrumbList","@id":"https:\/\/ekonaut.org\/prijava-za-biljarnicu-online-2023\/#breadcrumb","itemListElement":[{"@type":"ListItem","position":1,"name":"Home","item":"https:\/\/ekonaut.org\/"},{"@type":"ListItem","position":2,"name":"Prijava za Biljarnicu online 2023."}]},{"@type":"WebSite","@id":"https:\/\/ekonaut.org\/#website","url":"https:\/\/ekonaut.org\/","name":"Priroda u gradu","description":"Sa\u010duvajmo prirodu u gradu","publisher":{"@id":"https:\/\/ekonaut.org\/#organization"},"potentialAction":[{"@type":"SearchAction","target":{"@type":"EntryPoint","urlTemplate":"https:\/\/ekonaut.org\/?s={search_term_string}"},"query-input":{"@type":"PropertyValueSpecification","valueRequired":true,"valueName":"search_term_string"}}],"inLanguage":"en-GB"},{"@type":"Organization","@id":"https:\/\/ekonaut.org\/#organization","name":"Priroda u gradu","url":"https:\/\/ekonaut.org\/","logo":{"@type":"ImageObject","inLanguage":"en-GB","@id":"https:\/\/ekonaut.org\/#\/schema\/logo\/image\/","url":"https:\/\/ekonaut.org\/wp-content\/uploads\/2022\/03\/Ekonaut-logo.webp","contentUrl":"https:\/\/ekonaut.org\/wp-content\/uploads\/2022\/03\/Ekonaut-logo.webp","width":230,"height":53,"caption":"Priroda u gradu"},"image":{"@id":"https:\/\/ekonaut.org\/#\/schema\/logo\/image\/"},"sameAs":["https:\/\/www.facebook.com\/ekonaut.serbia\/","https:\/\/www.instagram.com\/ekonaut.srb\/?hl=en","https:\/\/www.pinterest.com\/ekonautzdravac\/"]}]}},"_links":{"self":[{"href":"https:\/\/ekonaut.org\/en\/wp-json\/wp\/v2\/pages\/16716","targetHints":{"allow":["GET"]}}],"collection":[{"href":"https:\/\/ekonaut.org\/en\/wp-json\/wp\/v2\/pages"}],"about":[{"href":"https:\/\/ekonaut.org\/en\/wp-json\/wp\/v2\/types\/page"}],"author":[{"embeddable":true,"href":"https:\/\/ekonaut.org\/en\/wp-json\/wp\/v2\/users\/1"}],"replies":[{"embeddable":true,"href":"https:\/\/ekonaut.org\/en\/wp-json\/wp\/v2\/comments?post=16716"}],"version-history":[{"count":80,"href":"https:\/\/ekonaut.org\/en\/wp-json\/wp\/v2\/pages\/16716\/revisions"}],"predecessor-version":[{"id":17205,"href":"https:\/\/ekonaut.org\/en\/wp-json\/wp\/v2\/pages\/16716\/revisions\/17205"}],"wp:featuredmedia":[{"embeddable":true,"href":"https:\/\/ekonaut.org\/en\/wp-json\/wp\/v2\/media\/16718"}],"wp:attachment":[{"href":"https:\/\/ekonaut.org\/en\/wp-json\/wp\/v2\/media?parent=16716"}],"curies":[{"name":"wp","href":"https:\/\/api.w.org\/{rel}","templated":true}]}}